{"id":76,"date":"2020-07-10T18:23:56","date_gmt":"2020-07-10T16:23:56","guid":{"rendered":"https:\/\/digitalfunk-nordost.de\/?page_id=76"},"modified":"2021-03-19T19:41:35","modified_gmt":"2021-03-19T18:41:35","slug":"aktuell","status":"publish","type":"page","link":"https:\/\/www.digitalfunk-nordost.de\/index.php\/aktuell\/","title":{"rendered":"Digitalfunk-Nordost XLX174 Netzwerk Mecklenburg-Vorpommern"},"content":{"rendered":"<p><span style=\"color: #808080;\"><\/span><\/p>\r\n<p><span style=\"color: #003300;\">\u00a0<\/span><\/p>\r\n<table style=\"border-collapse: collapse; width: 100%; height: 564px;\">\r\n<tbody>\r\n<tr style=\"height: 564px;\">\r\n<td style=\"width: 100%; height: 564px;\">\r\n<p><span style=\"color: #ff6600;\">Digitalfunk-Nordost zeigt die digitalen Relais in Mecklenburg-Vorpommern auf.<\/span><\/p>\r\n<table style=\"width: 651px; background-color: #c7c8d1;\">\r\n<tbody>\r\n<tr>\r\n<td style=\"width: 629px;\">\r\n<p><span style=\"color: #333300;\"><span class=\"tadv-color\"><a style=\"color: #333300;\" href=\"https:\/\/www.digitalfunk-nordost.de\/wp-content\/uploads\/2020\/09\/xlx.pdf\">Ein XLX Netzwerk<\/a> ist jetzt mit dem Namen<\/span> <a style=\"color: #333300;\" href=\"http:\/\/xlx.digitalfunk-nordost.de\">XLX174 <\/a><span class=\"tadv-color\">in Mecklenburg-Vorpommern in Betrieb.<\/span><\/span><\/p>\r\n<p><span style=\"color: #333300;\">Es hat lange gedauert nun ist es soweit nach 5 Monaten haben wir seit heute mit dem XLX174 eine Verbindung zum Brandmeisternetzwerk\ud83c\udf7e.<\/span><\/p>\r\n<p><span style=\"color: #333300;\">Aus dem Brandmeisternetzwerk ist die <strong>TG 262817 <\/strong>jetzt mit dem XLX 174 D verbunden. <\/span><br \/><span style=\"color: #333300;\">Bei Relais oder Hotspot die nur mit dem Brandmeisternetzwerk verbunden sind, kann jetzt \u00fcber die TG 262817 eine Verbindung zu allen die auf dem XLX174 D QRV sind hergestellt werden. Auch das Regio-Cluster MV TG 26217 oder auf den Relais die TG 8 wird zum XLX174 in den Raum E weitergeleitet.<\/span><\/p>\r\n<p>&nbsp;<\/p>\r\n<p><span style=\"color: #333300;\">\r\n\r\n<\/span><\/p>\r\n<p><span style=\"color: #333300;\">\r\n\r\n<\/span><\/p>\r\n<p><span style=\"color: #333300;\">\r\n\r\n<\/span><\/p>\r\n<p><span style=\"color: #333300;\">\r\n\r\n<\/span><\/p>\r\n<p><span style=\"color: #333300;\">DB0FHS in Stralsund ist als DMR-Relais mit der TG7 im TS2 auf den XLX174 D aufgeschaltet. F\u00fcr Betrieb in C4FM \u00fcber den XLX174 E bzw. DL_DE-Baltic muss dieser durch umschalten mit dem Funkger\u00e4t akiviert werden.<\/span><\/p>\r\n<p><span style=\"color: #333300;\">\r\n\r\n<\/span><\/p>\r\n<p><span style=\"color: #333300;\">DB0HGW in Greifswald ist als DMR Relais mit der TG7 im TS2 auf den XLX 174 D aufgeschaltet. Parallel ist es auch in C4FM auf den DL_DE-Baltic aufgeschaltet. Die Betriebsart die zuerst aktiviert wird bleibt f\u00fcr die Dauer des QSO aktiv. Das D-Star Relais ist als Standard Reflector mit dem XLX174 E verbunden. Verbindungen z.B. zum DCS 001T m\u00fcssen nun per DTMF umgeschaltet werden,<\/span><\/p>\r\n<p><span style=\"color: #333300;\">\r\n\r\n<\/span><\/p>\r\n<p><span style=\"color: #333300;\">DB0OVP ist als C4FM Relais an den DL_DE-Baltic angebunden.<\/span><\/p>\r\n<p><span style=\"color: #333300;\">\r\n\r\n<\/span><\/p>\r\n<p><span style=\"color: #333300;\">DM0RUG ist als DMR Relais mit der TG7 im TS 2 auf den XLX 174 D aufgeschaltet. Parallel ist auch hier C4FM auf den DL_DE-Baltic aufgeschaltet die Betriebsart wo das QSO beginnt bleibt f\u00fcr die QSO Dauer aktiv.<\/span><\/p>\r\n<p><span style=\"color: #333300;\">\r\n\r\n<\/span><\/p>\r\n<p><span style=\"color: #333300;\">Der Reflector XLX174 E und der DL_DE-Baltic sind miteinander verbunden.<\/span><\/p>\r\n<p><span style=\"color: #333300;\">\r\n\r\n<\/span><\/p>\r\n<p><span style=\"color: #333300;\">Ein Ruf auf den Reflector XLX174 D oder E wird auf allen angeschlossen Relais \u00fcbertragen. Es sind somit Verbindungen zwischen den einzelnen digitalen Betriebsarten m\u00f6glich.<\/span><\/p>\r\n<p><span style=\"color: #333300;\">\r\n\r\n<\/span><\/p>\r\n<p><span style=\"color: #333300;\">Siehe auch Relaismen\u00fcs ! Weitere Erkl\u00e4rungen folgen.<\/span><\/p>\r\n<p>&nbsp;<\/p>\r\n<p><span style=\"color: #333300;\">Es w\u00e4re gut, wenn sich zuk\u00fcnftig alle digitalen Relais in Mecklenburg-Vorpommern am XLX174 Server anschlie\u00dfen. W\u00fcnsche und Vorschl\u00e4ge der OM\u00b4s und Sysops werden<\/span><\/p>\r\n<p><span style=\"color: #333300;\">dankend angenommen. Das System ist im Aufbau und soll demokratisch von allen Beteiligten mit entschieden werden. Es ist ein Hobby, kein Muss und hat letztendlich nur empfehlenden<\/span><\/p>\r\n<p><span style=\"color: #333300;\">Charakter, um die Strukturen zu wahren.<\/span><\/p>\r\n<p><span style=\"color: #333300;\">\r\n\r\n<\/span><\/p>\r\n<p><span style=\"color: #333300;\">Infos bitte an webmaster(at)digitalfunk-nordost.de\u00a0<\/span><\/p>\r\n<\/td>\r\n<\/tr>\r\n<\/tbody>\r\n<\/table>\r\n<\/td>\r\n<\/tr>\r\n<\/tbody>\r\n<\/table>\r\n<p><span style=\"color: #003300;\">\u00a0<\/span><\/p>\r\n<p><span style=\"color: #003300;\">\r\n\r\n<\/span><\/p>\r\n<p>&nbsp;<\/p>\r\n<p><span style=\"color: #003300;\">\r\n\r\n<\/span><\/p>\r\n<figure class=\"wp-block-gallery columns-1 is-cropped wp-block-gallery-1 is-layout-flex wp-block-gallery-is-layout-flex\">\r\n<ul class=\"blocks-gallery-grid\">\r\n<li class=\"blocks-gallery-item\"><span style=\"color: #003300;\"><img loading=\"lazy\" decoding=\"async\" class=\"alignnone wp-image-510 size-full\" src=\"https:\/\/www.digitalfunk-nordost.de\/wp-content\/uploads\/2021\/02\/XLX174-1.jpg\" alt=\"\" width=\"1392\" height=\"1475\" srcset=\"https:\/\/www.digitalfunk-nordost.de\/wp-content\/uploads\/2021\/02\/XLX174-1.jpg 1392w, https:\/\/www.digitalfunk-nordost.de\/wp-content\/uploads\/2021\/02\/XLX174-1-283x300.jpg 283w, https:\/\/www.digitalfunk-nordost.de\/wp-content\/uploads\/2021\/02\/XLX174-1-966x1024.jpg 966w, https:\/\/www.digitalfunk-nordost.de\/wp-content\/uploads\/2021\/02\/XLX174-1-768x814.jpg 768w\" sizes=\"auto, (max-width: 1392px) 100vw, 1392px\" \/><\/span><\/li>\r\n<\/ul>\r\n<\/figure>\r\n<p><span style=\"color: #003300;\">\r\n\r\n<\/span><\/p>\r\n<p class=\"has-text-align-center has-small-font-size\"><span style=\"color: #003300;\">\u00a0\u00a0\u00a0\u00a0\u00a0\u00a0 <br \/><\/span><\/p>\r\n<p>&nbsp;<\/p>\r\n<p><span style=\"color: #808080;\"><\/span><\/p>","protected":false},"excerpt":{"rendered":"<p>\u00a0 Digitalfunk-Nordost zeigt die digitalen Relais in Mecklenburg-Vorpommern auf. Ein XLX Netzwerk ist jetzt mit dem Namen XLX174 in Mecklenburg-Vorpommern in Betrieb. Es hat lange gedauert nun ist es soweit nach 5 Monaten haben wir seit heute mit dem XLX174 eine Verbindung zum Brandmeisternetzwerk\ud83c\udf7e. Aus dem Brandmeisternetzwerk ist die TG 262817 jetzt mit dem XLX [&hellip;]<\/p>\n","protected":false},"author":2,"featured_media":0,"parent":0,"menu_order":0,"comment_status":"closed","ping_status":"closed","template":"","meta":{"footnotes":"","_links_to":"","_links_to_target":""},"class_list":["post-76","page","type-page","status-publish","hentry"],"_links":{"self":[{"href":"https:\/\/www.digitalfunk-nordost.de\/index.php\/wp-json\/wp\/v2\/pages\/76","targetHints":{"allow":["GET"]}}],"collection":[{"href":"https:\/\/www.digitalfunk-nordost.de\/index.php\/wp-json\/wp\/v2\/pages"}],"about":[{"href":"https:\/\/www.digitalfunk-nordost.de\/index.php\/wp-json\/wp\/v2\/types\/page"}],"author":[{"embeddable":true,"href":"https:\/\/www.digitalfunk-nordost.de\/index.php\/wp-json\/wp\/v2\/users\/2"}],"replies":[{"embeddable":true,"href":"https:\/\/www.digitalfunk-nordost.de\/index.php\/wp-json\/wp\/v2\/comments?post=76"}],"version-history":[{"count":62,"href":"https:\/\/www.digitalfunk-nordost.de\/index.php\/wp-json\/wp\/v2\/pages\/76\/revisions"}],"predecessor-version":[{"id":567,"href":"https:\/\/www.digitalfunk-nordost.de\/index.php\/wp-json\/wp\/v2\/pages\/76\/revisions\/567"}],"wp:attachment":[{"href":"https:\/\/www.digitalfunk-nordost.de\/index.php\/wp-json\/wp\/v2\/media?parent=76"}],"curies":[{"name":"wp","href":"https:\/\/api.w.org\/{rel}","templated":true}]}}