{"id":48,"date":"2020-07-09T21:00:39","date_gmt":"2020-07-09T19:00:39","guid":{"rendered":"https:\/\/digitalfunk-nordost.de\/?page_id=48"},"modified":"2021-03-06T15:59:48","modified_gmt":"2021-03-06T14:59:48","slug":"dm0rug-relais","status":"publish","type":"page","link":"https:\/\/www.digitalfunk-nordost.de\/index.php\/dm0rug-relais\/","title":{"rendered":"DM0RUG-RELAIS"},"content":{"rendered":"\r\n<figure class=\"wp-block-table is-style-stripes\">\r\n<table class=\"has-subtle-pale-pink-background-color has-background\">\r\n<tbody>\r\n<tr>\r\n<th><span style=\"color: #000000;\">DM0RUG<\/span><\/th>\r\n<td><span style=\"color: #000000;\">Standort<\/span><\/td>\r\n<td><span style=\"color: #000000;\">Hochseelow, Sagard JO64TN<\/span><\/td>\r\n<\/tr>\r\n<tr>\r\n<td>\u00a0<\/td>\r\n<td><span style=\"color: #000000;\">Frequenz<\/span><\/td>\r\n<td>\r\n<p><span style=\"color: #000000;\">438,850 \/ 431,250 MHz <\/span><br \/><span style=\"color: #000000;\">DMR: BM TS1 TG 262, 263; TS2 TG 2620, 2622, 2629, 8 (Regio MV),<span class=\"tadv-color\"> <br \/>XLX174 Modul D &#8211; TS2 <\/span><\/span><span style=\"color: #000000;\"><span class=\"tadv-color\">TG 7<\/span><\/span><br \/><span style=\"color: #000000;\">DMR + TS 1 (9)262 , TS 2 TG (9)9 Reflektor MV 4041<\/span><br \/><span style=\"color: #000000;\">D-Star: DCS001T Ostreflektor<\/span><br \/><span style=\"color: #000000;\">C4FM:\u00a0 DL-DE-Baltic (XLX174 D) <br \/>Ein QSO in C4FM und DMR \u00fcber den XLX 174 D ist nicht zur gleichen Zeit m\u00f6glich. Die Betriebsart die zuerst \u00fcber HF-aktiviert wird bleibt f\u00fcr mindestens 5 min aktiv. <br \/><\/span><\/p>\r\n<\/td>\r\n<\/tr>\r\n<tr>\r\n<td>\u00a0<\/td>\r\n<td><span style=\"color: #000000;\">Rufzeicheninhaber<\/span><\/td>\r\n<td><span style=\"color: #000000;\">DG0KF<\/span><\/td>\r\n<\/tr>\r\n<tr>\r\n<td>\u00a0<\/td>\r\n<td><span style=\"color: #000000;\">Sysop<\/span><\/td>\r\n<td><span style=\"color: #000000;\">DG0KF, DO7RK<\/span><\/td>\r\n<\/tr>\r\n<tr>\r\n<td>\u00a0<\/td>\r\n<td><span style=\"color: #000000;\">Datenstand<\/span><\/td>\r\n<td><span style=\"color: #000000;\">September 2020<\/span><\/td>\r\n<\/tr>\r\n<\/tbody>\r\n<\/table>\r\n<\/figure>\r\n<p><span style=\"color: #000000;\">\r\n\r\n<\/span><\/p>\r\n<figure class=\"wp-block-gallery columns-1 is-cropped wp-block-gallery-1 is-layout-flex wp-block-gallery-is-layout-flex\">\r\n<ul class=\"blocks-gallery-grid\">\r\n<li class=\"blocks-gallery-item\">\r\n<figure><img loading=\"lazy\" decoding=\"async\" width=\"1024\" height=\"894\" class=\"wp-image-149\" src=\"https:\/\/digitalfunk-nordost.de\/wp-content\/uploads\/2020\/07\/246113618_235942-1024x894.jpg\" alt=\"\" data-id=\"149\" data-full-url=\"https:\/\/digitalfunk-nordost.de\/wp-content\/uploads\/2020\/07\/246113618_235942.jpg\" data-link=\"https:\/\/digitalfunk-nordost.de\/index.php\/dm0rug-relais\/246113618_235942\/\" srcset=\"https:\/\/www.digitalfunk-nordost.de\/wp-content\/uploads\/2020\/07\/246113618_235942-1024x894.jpg 1024w, https:\/\/www.digitalfunk-nordost.de\/wp-content\/uploads\/2020\/07\/246113618_235942-300x262.jpg 300w, https:\/\/www.digitalfunk-nordost.de\/wp-content\/uploads\/2020\/07\/246113618_235942-768x670.jpg 768w, https:\/\/www.digitalfunk-nordost.de\/wp-content\/uploads\/2020\/07\/246113618_235942.jpg 1280w\" sizes=\"auto, (max-width: 1024px) 100vw, 1024px\" \/><\/figure>\r\n<\/li>\r\n<\/ul>\r\n<\/figure>\r\n\r\n\r\n\r\n<figure class=\"wp-block-gallery columns-1 is-cropped wp-block-gallery-2 is-layout-flex wp-block-gallery-is-layout-flex\">\r\n<ul class=\"blocks-gallery-grid\">\r\n<li class=\"blocks-gallery-item\">\r\n<figure><img loading=\"lazy\" decoding=\"async\" width=\"1024\" height=\"738\" class=\"wp-image-150\" src=\"https:\/\/digitalfunk-nordost.de\/wp-content\/uploads\/2020\/07\/246117914_236707-1024x738.jpg\" alt=\"\" data-id=\"150\" data-full-url=\"https:\/\/digitalfunk-nordost.de\/wp-content\/uploads\/2020\/07\/246117914_236707.jpg\" data-link=\"https:\/\/digitalfunk-nordost.de\/index.php\/dm0rug-relais\/246117914_236707\/\" srcset=\"https:\/\/www.digitalfunk-nordost.de\/wp-content\/uploads\/2020\/07\/246117914_236707-1024x738.jpg 1024w, https:\/\/www.digitalfunk-nordost.de\/wp-content\/uploads\/2020\/07\/246117914_236707-300x216.jpg 300w, https:\/\/www.digitalfunk-nordost.de\/wp-content\/uploads\/2020\/07\/246117914_236707-768x553.jpg 768w, https:\/\/www.digitalfunk-nordost.de\/wp-content\/uploads\/2020\/07\/246117914_236707.jpg 1280w\" sizes=\"auto, (max-width: 1024px) 100vw, 1024px\" \/><\/figure>\r\n<\/li>\r\n<\/ul>\r\n<\/figure>\r\n\r\n\r\n\r\n<figure class=\"wp-block-image size-large\"><img loading=\"lazy\" decoding=\"async\" width=\"768\" height=\"1024\" class=\"wp-image-183\" src=\"https:\/\/digitalfunk-nordost.de\/wp-content\/uploads\/2020\/07\/246926834_93289-768x1024.jpg\" alt=\"\" srcset=\"https:\/\/www.digitalfunk-nordost.de\/wp-content\/uploads\/2020\/07\/246926834_93289-768x1024.jpg 768w, https:\/\/www.digitalfunk-nordost.de\/wp-content\/uploads\/2020\/07\/246926834_93289-225x300.jpg 225w, https:\/\/www.digitalfunk-nordost.de\/wp-content\/uploads\/2020\/07\/246926834_93289.jpg 960w\" sizes=\"auto, (max-width: 768px) 100vw, 768px\" \/><\/figure>\r\n","protected":false},"excerpt":{"rendered":"<p>DM0RUG Standort Hochseelow, Sagard JO64TN \u00a0 Frequenz 438,850 \/ 431,250 MHz DMR: BM TS1 TG 262, 263; TS2 TG 2620, 2622, 2629, 8 (Regio MV), XLX174 Modul D &#8211; TS2 TG 7DMR + TS 1 (9)262 , TS 2 TG (9)9 Reflektor MV 4041D-Star: DCS001T OstreflektorC4FM:\u00a0 DL-DE-Baltic (XLX174 D) Ein QSO in C4FM und DMR [&hellip;]<\/p>\n","protected":false},"author":2,"featured_media":0,"parent":0,"menu_order":0,"comment_status":"closed","ping_status":"closed","template":"","meta":{"footnotes":"","_links_to":"","_links_to_target":""},"class_list":["post-48","page","type-page","status-publish","hentry"],"_links":{"self":[{"href":"https:\/\/www.digitalfunk-nordost.de\/index.php\/wp-json\/wp\/v2\/pages\/48","targetHints":{"allow":["GET"]}}],"collection":[{"href":"https:\/\/www.digitalfunk-nordost.de\/index.php\/wp-json\/wp\/v2\/pages"}],"about":[{"href":"https:\/\/www.digitalfunk-nordost.de\/index.php\/wp-json\/wp\/v2\/types\/page"}],"author":[{"embeddable":true,"href":"https:\/\/www.digitalfunk-nordost.de\/index.php\/wp-json\/wp\/v2\/users\/2"}],"replies":[{"embeddable":true,"href":"https:\/\/www.digitalfunk-nordost.de\/index.php\/wp-json\/wp\/v2\/comments?post=48"}],"version-history":[{"count":20,"href":"https:\/\/www.digitalfunk-nordost.de\/index.php\/wp-json\/wp\/v2\/pages\/48\/revisions"}],"predecessor-version":[{"id":554,"href":"https:\/\/www.digitalfunk-nordost.de\/index.php\/wp-json\/wp\/v2\/pages\/48\/revisions\/554"}],"wp:attachment":[{"href":"https:\/\/www.digitalfunk-nordost.de\/index.php\/wp-json\/wp\/v2\/media?parent=48"}],"curies":[{"name":"wp","href":"https:\/\/api.w.org\/{rel}","templated":true}]}}